{"id":1093,"date":"2022-12-09T15:25:26","date_gmt":"2022-12-09T14:25:26","guid":{"rendered":"https:\/\/www.matahami.com\/?post_type=product&#038;p=1093"},"modified":"2025-02-27T16:17:17","modified_gmt":"2025-02-27T15:17:17","slug":"imagier-du-bebe","status":"publish","type":"product","link":"https:\/\/www.matahami.com\/eu\/produit\/imagier-du-bebe\/","title":{"rendered":"Imagier du b\u00e9b\u00e9"},"content":{"rendered":"<p><\/p>\n<p>Des illustrations graphiques et color\u00e9es pour apprendre \u00e0 votre b\u00e9b\u00e9 les 20 premiers mots en euskara : la couche, le biberon, la t\u00e9tine, le chien&#8230; Un livre cartonn\u00e9 et un format adapt\u00e9 aux petites mains. Id\u00e9al pour un cadeau de naissance.<\/p>\n<p><\/p>","protected":false},"excerpt":{"rendered":"<p>Des illustrations graphiques et color\u00e9es pour apprendre \u00e0 votre b\u00e9b\u00e9 les 20 premiers mots en euskara : la couche, le &hellip;<\/p>\n","protected":false},"featured_media":1098,"template":"","meta":{"_acf_changed":false},"product_cat":[36],"product_tag":[],"class_list":{"0":"post-1093","1":"product","2":"type-product","3":"status-publish","4":"has-post-thumbnail","6":"product_cat-albums-bilingues","8":"first","9":"instock","10":"taxable","11":"shipping-taxable","12":"purchasable","13":"product-type-simple"},"acf":[],"_links":{"self":[{"href":"https:\/\/www.matahami.com\/eu\/wp-json\/wp\/v2\/product\/1093","targetHints":{"allow":["GET"]}}],"collection":[{"href":"https:\/\/www.matahami.com\/eu\/wp-json\/wp\/v2\/product"}],"about":[{"href":"https:\/\/www.matahami.com\/eu\/wp-json\/wp\/v2\/types\/product"}],"wp:featuredmedia":[{"embeddable":true,"href":"https:\/\/www.matahami.com\/eu\/wp-json\/wp\/v2\/media\/1098"}],"wp:attachment":[{"href":"https:\/\/www.matahami.com\/eu\/wp-json\/wp\/v2\/media?parent=1093"}],"wp:term":[{"taxonomy":"product_cat","embeddable":true,"href":"https:\/\/www.matahami.com\/eu\/wp-json\/wp\/v2\/product_cat?post=1093"},{"taxonomy":"product_tag","embeddable":true,"href":"https:\/\/www.matahami.com\/eu\/wp-json\/wp\/v2\/product_tag?post=1093"}],"curies":[{"name":"wp","href":"https:\/\/api.w.org\/{rel}","templated":true}]}}