{"id":145,"date":"2018-05-02T15:35:49","date_gmt":"2018-05-02T14:35:49","guid":{"rendered":"https:\/\/www.matahami.com\/?post_type=product&#038;p=145"},"modified":"2022-08-18T21:25:47","modified_gmt":"2022-08-18T20:25:47","slug":"enea-da-cest-mien","status":"publish","type":"product","link":"https:\/\/www.matahami.com\/eu\/produit\/enea-da-cest-mien\/","title":{"rendered":"Enea da! C&#8217;est le mien !"},"content":{"rendered":"<p><\/p>\n<p>Kima s\u2019est mise en col\u00e8re contre son copain Justin. Une grosse col\u00e8re, remplie de pens\u00e9es toutes noires. Depuis, son camarade ne vient plus \u00e0 l\u2019\u00e9cole. Et si Kima \u00e9tait responsable du sort de Justin ?<\/p>\n<p><\/p>","protected":false},"excerpt":{"rendered":"<p>Kima s\u2019est mise en col\u00e8re contre son copain Justin. Une grosse col\u00e8re, remplie de pens\u00e9es toutes noires. Depuis, son camarade &hellip;<\/p>\n","protected":false},"featured_media":316,"template":"","meta":{"_acf_changed":false},"product_cat":[36],"product_tag":[],"class_list":{"0":"post-145","1":"product","2":"type-product","3":"status-publish","4":"has-post-thumbnail","6":"product_cat-albums-bilingues","8":"first","9":"instock","10":"featured","11":"taxable","12":"shipping-taxable","13":"purchasable","14":"product-type-simple"},"acf":[],"_links":{"self":[{"href":"https:\/\/www.matahami.com\/eu\/wp-json\/wp\/v2\/product\/145","targetHints":{"allow":["GET"]}}],"collection":[{"href":"https:\/\/www.matahami.com\/eu\/wp-json\/wp\/v2\/product"}],"about":[{"href":"https:\/\/www.matahami.com\/eu\/wp-json\/wp\/v2\/types\/product"}],"wp:featuredmedia":[{"embeddable":true,"href":"https:\/\/www.matahami.com\/eu\/wp-json\/wp\/v2\/media\/316"}],"wp:attachment":[{"href":"https:\/\/www.matahami.com\/eu\/wp-json\/wp\/v2\/media?parent=145"}],"wp:term":[{"taxonomy":"product_cat","embeddable":true,"href":"https:\/\/www.matahami.com\/eu\/wp-json\/wp\/v2\/product_cat?post=145"},{"taxonomy":"product_tag","embeddable":true,"href":"https:\/\/www.matahami.com\/eu\/wp-json\/wp\/v2\/product_tag?post=145"}],"curies":[{"name":"wp","href":"https:\/\/api.w.org\/{rel}","templated":true}]}}